{"id":128,"date":"2019-03-19T13:18:31","date_gmt":"2019-03-19T13:18:31","guid":{"rendered":"https:\/\/cric.be\/?page_id=128"},"modified":"2024-02-22T14:11:18","modified_gmt":"2024-02-22T14:11:18","slug":"research","status":"publish","type":"page","link":"https:\/\/cric.be\/en\/research\/","title":{"rendered":"Research"},"content":{"rendered":"<section class=\"l-section wpb_row us_custom_6df4bc3a mainphoto-s has_text_color height_large with_img\"><div class=\"l-section-img\" style=\"background-image: url(https:\/\/cric.be\/wp-content\/uploads\/2019\/03\/Header-Cric-Research.jpg);\" data-img-width=\"1920\" data-img-height=\"520\"><\/div><div class=\"l-section-h i-cf\"><div class=\"g-cols vc_row via_flex valign_top type_default stacking_default\"><div class=\"vc_col-sm-12 wpb_column vc_column_container\"><div class=\"vc_column-inner\"><div class=\"wpb_wrapper\"><h1 class=\"w-post-elm post_title align_center entry-title color_link_inherit\">Research<\/h1><\/div><\/div><\/div><\/div><\/div><\/section><section class=\"l-section wpb_row subpage-content-s height_large\"><div class=\"l-section-h i-cf\"><div class=\"g-cols vc_row via_flex valign_top type_default stacking_default\"><div class=\"vc_col-sm-12 wpb_column vc_column_container\"><div class=\"vc_column-inner\"><div class=\"wpb_wrapper\"><div class=\"g-cols wpb_row via_flex valign_middle type_default stacking_default\"><div class=\"vc_col-sm-6 wpb_column vc_column_container pd-r-c\"><div class=\"vc_column-inner\"><div class=\"wpb_wrapper\"><div class=\"wpb_text_column h2-line-left\"><div class=\"wpb_wrapper\"><h2>The Research Department<\/h2>\n<\/div><\/div><div class=\"wpb_text_column align_justify\"><div class=\"wpb_wrapper\"><p>We find traces of a Research Department within the <em>Groupements Professionnels du Ciment (G.P.C)<\/em> since 1926. Its laboratories were already located at the ULB on the Solbosch Campus in Brussels. After the foundation of the Federal Centre CRIC-OCCN, the Department resumes its Research activities in 1959 for the Cement industry (federation FEBELCEM) and in 1994 for the industry of ready-mix concrete (federation FedBeton).<\/p>\n<p>Many Research projects of CRIC-OCCN are directly supported by the cement industry and the industry for ready-mix concrete and are thus realised on own Investment. The Research Department also realizes <em>European, regional <\/em>and<em> private <\/em>researches<em>.<\/em> The main subjects of those researches are the development of testing methods (which are re-used in routine by the Testing Department), the new cementmaterials and their components, the durability of cementmaterials, concrete and its components, recycling, environment and health, exposed concrete\u2026<\/p>\n<\/div><\/div><\/div><\/div><\/div><div class=\"vc_col-sm-6 wpb_column vc_column_container pd-l-c\"><div class=\"vc_column-inner\"><div class=\"wpb_wrapper\"><div class=\"w-image img-pt-m align_center\"><div class=\"w-image-h\"><img width=\"600\" height=\"500\" src=\"https:\/\/cric.be\/wp-content\/uploads\/2019\/03\/research-01.jpg\" class=\"attachment-full size-full\" alt=\"\" loading=\"lazy\" srcset=\"https:\/\/cric.be\/wp-content\/uploads\/2019\/03\/research-01.jpg 600w, https:\/\/cric.be\/wp-content\/uploads\/2019\/03\/research-01-300x250.jpg 300w\" sizes=\"(max-width: 600px) 100vw, 600px\" \/><\/div><\/div><\/div><\/div><\/div><\/div><div class=\"w-separator size_medium\"><\/div><div class=\"wpb_text_column\"><div class=\"wpb_wrapper\"><p>Following list shows the researches and guidances of the past five years. It gives a good overview of our existing know-how:<\/p>\n<\/div><\/div><div class=\"w-tabs style_default switch_click accordion has_scrolling\" style=\"--sections-title-size:inherit\"><div class=\"w-tabs-sections titles-align_none icon_chevron cpos_right\"><div class=\"w-tabs-section\" id=\"1561563827002-13c3b0da-4856c542-3292cf0e-d8a6\"><button aria-controls=\"content-1561563827002-13c3b0da-4856c542-3292cf0e-d8a6\" class=\"w-tabs-section-header\"><div class=\"w-tabs-section-title\">Researches and guidances of the past 5 years<\/div><div class=\"w-tabs-section-control\"><\/div><\/button><div  class=\"w-tabs-section-content\" id=\"content-1561563827002-13c3b0da-4856c542-3292cf0e-d8a6\" aria-expanded=\"false\"><div class=\"w-tabs-section-content-h i-cf\"><div class=\"wpb_text_column\"><div class=\"wpb_wrapper\"><p>\u00ab Tefracem \u00bb\u00a0;\u00a0Valorisation des Cendres Volantes d\u2019\u00e9lectrofiltre de l\u2019incin\u00e9rateur de Neder-Over-Hembeek dans le b\u00e9ton\u00a0; RB\u00a0;\u00a02009 \u2013 2015.<\/p>\n<p>\u00ab Nouveau Gel-D\u00e9gel \u00bb\u00a0;\u00a0Classification de la r\u00e9sistance au gel-d\u00e9gel de b\u00e9tons r\u00e9alis\u00e9s avec les diff\u00e9rents ciments BENOR\u00a0; F\u00a0; 2010 \u2013 2015.<\/p>\n<p>\u00ab CemCalc I et II \u00bb\u00a0;\u00a0D\u00e9veloppement de ciments ternaires \u00e0 hautes teneurs en filler calcaire\u00a0; RW\u00a0; 2010 \u2013 2015.<\/p>\n<p>\u00ab Floorcrete \u00bb\u00a0;\u00a0Etablir des r\u00e8gles pour la finition des sols industriels en b\u00e9ton\u00a0; F\u00a0; 2011 \u2013 2015.<\/p>\n<p>\u00ab NeoCrete \u00bb et \u00ab COM-MAT \u00bb\u00a0; Guidances b\u00e9tons sp\u00e9ciaux et verts\u00a0; RW\u00a0; 2012 \u2013 2016.<\/p>\n<p>\u00ab Nishycem \u00bb\u00a0Adjuvants hydrofuges de masse \u00e0 base de silicones\u00a0; Recherche p\u00f4le Greenwin RW\u00a0; 2013 \u2013 2016.<\/p>\n<p>\u00ab\u00a0RecyBeton\u00a0I et II\u00a0\u00bb\u00a0; Utilisation de granulats recycl\u00e9s en b\u00e9ton dans le b\u00e9ton pr\u00eat \u00e0 l\u2019emploi ; F\u00a0; 2014 \u2013 2019.<\/p>\n<p>\u00ab AquaCem \u00bb\u00a0; R\u00e9utilisation de l\u2019eau de recyclage du b\u00e9ton frais dans la fabrication &#8211; en particulier &#8211; de b\u00e9tons \u00e0 air entra\u00een\u00e9 et \u00e0 haute performance\u00a0; RW\/EU\u00a0; 2014 \u2013 2016.<\/p>\n<p>\u00ab STOCC \u00bb\u00a0D\u00e9veloppement de mat\u00e9riaux \u00e0 changement de phase pour accro\u00eetre l\u2019inertie thermique du b\u00e9ton\u00a0; Feder RW\u00a0; 2017 \u2013 2021.<\/p>\n<p>\u00ab CON-RAS \u00bb\u00a0;\u00a0M\u00e9thodes pour la pr\u00e9vention de la r\u00e9action Alcali-Silice\u00a0; F\u00a0; 2015 \u2013 2018.<\/p>\n<p>\u00ab Replic \u00bb\u00a0Recyclage du gypse destin\u00e9 \u00e0 l\u2019Industrie cimenti\u00e8re\u00a0; Projet Greenwin RW\u00a0; 2016 \u2013 2020.<\/p>\n<p>\u00ab TriboCem \u00bb\u00a0;\u00a0D\u00e9veloppement technologique \u00e0 base cimentaire proche du march\u00e9 avec la soci\u00e9t\u00e9 CBR ; Cwality\u00a0; RW\u00a0; 2016 \u2013 2018.<\/p>\n<p>\u00ab\u00a0BeautyCrete\u00a0\u00bb\u00a0; Recherche cimenti\u00e8re dans le domaine du b\u00e9ton apparent\u00a0; 2017 -2020.<\/p>\n<p>\u00ab\u00a0DuraFor\u00a0\u00bb\u00a0; Pr\u00e9vision des performances de durabilit\u00e9 du b\u00e9ton \u00e0 partir de param\u00e8tres limit\u00e9s mesur\u00e9s sur les ciments\u00a0; RW\/EU\u00a0; 2017 \u2013 2019.<\/p>\n<p>\u00ab\u00a0Gelavia\u00a0\u00bb\u00a0; R\u00e9sistance au Gel-D\u00e9gel des b\u00e9tons routiers\u00a0; F\u00a0; 2016 \u2013 2018.<\/p>\n<p>\u00ab\u00a0Concure\u00a0\u00bb\u00a0; Mise au point d\u2019une m\u00e9thode robuste et des crit\u00e8res pour d\u00e9termination de l\u2019efficacit\u00e9 des produits de cure\u00a0; F\u00a0; 2017 \u2013 2019.<\/p>\n<p>\u00ab\u00a0 TurnaCalc\u00a0\u00bb\u00a0; D\u00e9veloppement technologique \u00e0 base cimentaire proche du march\u00e9 avec la soci\u00e9t\u00e9 CCB ; Cwality\u00a0; RW\u00a0; 2018 \u2013 2020.<\/p>\n<p>\u00ab\u00a0 Cosmocem\u00a0\u00bb\u00a0; D\u00e9veloppement technologique \u00e0 base cimentaire proche du march\u00e9 avec la soci\u00e9t\u00e9 CBR et cinq autres industriels\u00a0; Recherche p\u00f4le Greenwin RW\u00a0; 2019 \u2013 2023.<\/p>\n<p>\u00ab\u00a0Granisec\u00a0\u00bb\u00a0; M\u00e9thodologie pour l\u2019\u00e9valuation de l\u2019aptitude \u00e0 l\u2019emploi des granulats inertes secondaires dans le b\u00e9ton\u00a0; F\u00a0; 2019 \u2013 2021.<\/p>\n<p>RB = R\u00e9gion Bruxelles Capitale\u00a0; RW = R\u00e9gion Wallonne\u00a0; F = F\u00e9d\u00e9ral ou pr\u00e9normatif\u00a0et Eu = Europe.<\/p>\n<\/div><\/div><\/div><\/div><\/div><\/div><\/div><div class=\"w-separator size_medium\"><\/div><div class=\"g-cols wpb_row via_flex valign_middle type_default reversed stacking_default\"><div class=\"vc_col-sm-6 wpb_column vc_column_container pd-r-c\"><div class=\"vc_column-inner\"><div class=\"wpb_wrapper\"><div class=\"w-image img-pt-m align_center\"><div class=\"w-image-h\"><img width=\"640\" height=\"420\" src=\"https:\/\/cric.be\/wp-content\/uploads\/2019\/03\/research-02.jpg\" class=\"attachment-full size-full\" alt=\"\" loading=\"lazy\" srcset=\"https:\/\/cric.be\/wp-content\/uploads\/2019\/03\/research-02.jpg 640w, https:\/\/cric.be\/wp-content\/uploads\/2019\/03\/research-02-300x197.jpg 300w\" sizes=\"(max-width: 640px) 100vw, 640px\" \/><\/div><\/div><\/div><\/div><\/div><div class=\"vc_col-sm-6 wpb_column vc_column_container pd-r-c\"><div class=\"vc_column-inner\"><div class=\"wpb_wrapper\"><div class=\"wpb_text_column align_justify\"><div class=\"wpb_wrapper\"><p>The Research Department also provides the technology watch of the Centre. We also realize specific tests and expertises on cement, mortar, concrete and their components. Composed of a physicist, two chemists, a geologist and an engineer in materials, it reassembles people of the specific field of cement-based materials. Their long experience can be shared with young scientists. Thus, the Department regularly takes charge of the training of new researchers through PhDs, national and international end-of-study works, traineeships&#8230; A dynamic pool of competences is developed, which can later be valued within the other Departments of CRIC-OCCN and of other contributing societies. Each member also contributes to the activities of the other Departments. This by participating in national and international standardisation activities, traineeships, audits, health &amp; safety of the Centre, the library\u2026.<\/p>\n<\/div><\/div><div class=\"w-btn-wrapper align_none\"><a class=\"w-btn us-btn-style_1\" target=\"_blank\" href=\"https:\/\/cric.be\/wp-content\/uploads\/2019\/06\/Biblio-Service-Recherches-2005-2019-pour-site.pdf\" rel=\"noopener\"><span class=\"w-btn-label\">Our bibliography<\/span><\/a><\/div><\/div><\/div><\/div><\/div><\/div><\/div><\/div><\/div><\/div><\/section><section class=\"l-section wpb_row us_custom_edddf27a height_huge\"><div class=\"l-section-h i-cf\"><div class=\"g-cols vc_row via_flex valign_top type_default stacking_default\"><div class=\"vc_col-sm-12 wpb_column vc_column_container\"><div class=\"vc_column-inner\"><div class=\"wpb_wrapper\"><div class=\"w-grid type_grid layout_143 cols_2\" id=\"us_grid_1\" data-filterable=\"true\"><style>#us_grid_1 .w-grid-item{padding:15px}#us_grid_1 .w-grid-list{margin:-15px}.w-grid + #us_grid_1 .w-grid-list,.w-grid-none + #us_grid_1 .w-grid-list{margin-top:15px}@media (max-width:599px){#us_grid_1 .w-grid-list{margin:0}#us_grid_1 .w-grid-item{width:100%;padding:0;margin-bottom:15px}}.layout_143 .w-grid-item-h{}.layout_143 .usg_post_image_1{margin-bottom:0!important;padding-bottom:0!important}.layout_143 .usg_post_title_1{position:absolute!important;left:15%!important;font-family:var(--font-body)!important;font-size:19px!important;color:#ffffff!important;width:70%!important;padding:15px!important;background:#00a689!important}<\/style><div class=\"w-grid-list\">\t<article class=\"w-grid-item size_1x1 post-138 us_portfolio type-us_portfolio status-publish has-post-thumbnail hentry us_portfolio_category-research\" data-id=\"138\">\n\t\t<div class=\"w-grid-item-h\">\n\t\t\t\t\t\t<div class=\"w-vwrapper usg_vwrapper_1 align_center valign_middle\"><div class=\"w-post-elm post_image usg_post_image_1 stretched\"><img width=\"640\" height=\"420\" src=\"https:\/\/cric.be\/wp-content\/uploads\/2019\/03\/research-02.jpg\" class=\"attachment-full size-full wp-post-image\" alt=\"\" loading=\"lazy\" srcset=\"https:\/\/cric.be\/wp-content\/uploads\/2019\/03\/research-02.jpg 640w, https:\/\/cric.be\/wp-content\/uploads\/2019\/03\/research-02-300x197.jpg 300w\" sizes=\"(max-width: 640px) 100vw, 640px\" \/><\/div><h2 class=\"w-post-elm post_title usg_post_title_1 align_center entry-title color_link_inherit\">Fundamental Research<\/h2><\/div>\t\t<\/div>\n\t<\/article>\n\t<article class=\"w-grid-item size_1x1 post-141 us_portfolio type-us_portfolio status-publish has-post-thumbnail hentry us_portfolio_category-research\" data-id=\"141\">\n\t\t<div class=\"w-grid-item-h\">\n\t\t\t\t\t\t<div class=\"w-vwrapper usg_vwrapper_1 align_center valign_middle\"><div class=\"w-post-elm post_image usg_post_image_1 stretched\"><img width=\"640\" height=\"420\" src=\"https:\/\/cric.be\/wp-content\/uploads\/2019\/03\/research-03.jpg\" class=\"attachment-full size-full wp-post-image\" alt=\"\" loading=\"lazy\" srcset=\"https:\/\/cric.be\/wp-content\/uploads\/2019\/03\/research-03.jpg 640w, https:\/\/cric.be\/wp-content\/uploads\/2019\/03\/research-03-300x197.jpg 300w\" sizes=\"(max-width: 640px) 100vw, 640px\" \/><\/div><h2 class=\"w-post-elm post_title usg_post_title_1 align_center entry-title color_link_inherit\">Service Research<\/h2><\/div>\t\t<\/div>\n\t<\/article>\n<\/div><div class=\"w-grid-preloader\"><div class=\"g-preloader type_1\">\n\t<div><\/div>\n<\/div>\n<\/div>\t<div class=\"w-grid-json hidden\" onclick='return {&quot;action&quot;:&quot;us_ajax_grid&quot;,&quot;ajax_url&quot;:&quot;https:\\\/\\\/cric.be\\\/wp-admin\\\/admin-ajax.php&quot;,&quot;infinite_scroll&quot;:0,&quot;max_num_pages&quot;:1,&quot;pagination&quot;:&quot;none&quot;,&quot;permalink_url&quot;:&quot;https:\\\/\\\/cric.be\\\/en\\\/wp-json\\\/wp\\\/v2\\\/pages\\\/128\\\/&quot;,&quot;template_vars&quot;:{&quot;columns&quot;:&quot;2&quot;,&quot;exclude_items&quot;:&quot;none&quot;,&quot;img_size&quot;:&quot;default&quot;,&quot;ignore_items_size&quot;:false,&quot;items_layout&quot;:&quot;143&quot;,&quot;items_offset&quot;:&quot;1&quot;,&quot;load_animation&quot;:&quot;none&quot;,&quot;overriding_link&quot;:&quot;none&quot;,&quot;post_id&quot;:128,&quot;query_args&quot;:{&quot;post_type&quot;:[&quot;us_portfolio&quot;],&quot;tax_query&quot;:[{&quot;taxonomy&quot;:&quot;us_portfolio_category&quot;,&quot;field&quot;:&quot;slug&quot;,&quot;terms&quot;:[&quot;research&quot;]}],&quot;post_status&quot;:[&quot;publish&quot;],&quot;posts_per_page&quot;:&quot;10&quot;},&quot;orderby_query_args&quot;:{&quot;orderby&quot;:{&quot;date&quot;:&quot;ASC&quot;}},&quot;type&quot;:&quot;grid&quot;,&quot;us_grid_ajax_index&quot;:1,&quot;us_grid_filter_params&quot;:null,&quot;us_grid_index&quot;:1,&quot;_us_grid_post_type&quot;:&quot;us_portfolio&quot;,&quot;lang&quot;:&quot;en&quot;}}'><\/div>\n\t<\/div><\/div><\/div><\/div><\/div><\/div><\/section><section class=\"l-section wpb_row subpage-content-s height_large\"><div class=\"l-section-h i-cf\"><div class=\"g-cols vc_row via_flex valign_top type_default stacking_default\"><div class=\"vc_col-sm-12 wpb_column vc_column_container\"><div class=\"vc_column-inner\"><div class=\"wpb_wrapper\"><div class=\"wpb_text_column align_center h2-line-center\"><div class=\"wpb_wrapper\"><h2>The added value of CRIC-OCCN?<\/h2>\n<\/div><\/div><div class=\"g-cols wpb_row us_custom_8c42ed40 expertise-row via_flex valign_top type_default stacking_default\"><div class=\"vc_col-sm-4 wpb_column vc_column_container\"><div class=\"vc_column-inner\"><div class=\"wpb_wrapper\"><div class=\"w-image align_center\"><div class=\"w-image-h\"><img width=\"90\" height=\"90\" src=\"https:\/\/cric.be\/wp-content\/uploads\/2019\/03\/icon-04.png\" class=\"attachment-full size-full\" alt=\"\" loading=\"lazy\" \/><\/div><\/div><div class=\"wpb_text_column align_center\"><div class=\"wpb_wrapper\"><p>You benefit from cutting-edge scientific<br \/>\nknowledge with state-of-the-art equipment<br \/>\nand techniques.<\/p>\n<p><a href=\"https:\/\/cric.be\/wp-content\/uploads\/2024\/02\/Liste-equipements-labos-CRIC-OCCN-20190614.pdf\" target=\"_blank\" rel=\"noopener\">LIST OF EQUIPMENT<\/a><\/p>\n<p><a href=\"https:\/\/cric.be\/wp-content\/uploads\/2019\/06\/Appareillages-remarquables-CRIC-OCCN-juin-2019.pdf\" target=\"_blank\" rel=\"noopener noreferrer\">LIST OF REMARKABLE EQUIPMENT<\/a><\/p>\n<\/div><\/div><div class=\"w-separator size_small with_line width_default thick_1 style_solid color_primary align_center\"><div class=\"w-separator-h\"><\/div><\/div><\/div><\/div><\/div><div class=\"vc_col-sm-4 wpb_column vc_column_container\"><div class=\"vc_column-inner\"><div class=\"wpb_wrapper\"><div class=\"w-image align_center\"><div class=\"w-image-h\"><img width=\"90\" height=\"90\" src=\"https:\/\/cric.be\/wp-content\/uploads\/2019\/03\/icon-02-2.png\" class=\"attachment-full size-full\" alt=\"\" loading=\"lazy\" \/><\/div><\/div><div class=\"wpb_text_column align_center\"><div class=\"wpb_wrapper\"><p>Our extensive experience in the research<br \/>\nof cement, mortar, concrete and their<br \/>\nconstituents at your service.<\/p>\n<\/div><\/div><div class=\"w-separator size_small with_line width_default thick_1 style_solid color_primary align_center\"><div class=\"w-separator-h\"><\/div><\/div><\/div><\/div><\/div><div class=\"vc_col-sm-4 wpb_column vc_column_container\"><div class=\"vc_column-inner\"><div class=\"wpb_wrapper\"><div class=\"w-image align_center\"><div class=\"w-image-h\"><img width=\"90\" height=\"90\" src=\"https:\/\/cric.be\/wp-content\/uploads\/2019\/03\/icon-03-2.png\" class=\"attachment-full size-full\" alt=\"\" loading=\"lazy\" \/><\/div><\/div><div class=\"wpb_text_column align_center\"><div class=\"wpb_wrapper\"><p>You can count on knowledge that is<br \/>\ncontinually optimised by our participation<br \/>\nin international standardisation groups.<\/p>\n<\/div><\/div><div class=\"w-separator size_small with_line width_default thick_1 style_solid color_primary align_center\"><div class=\"w-separator-h\"><\/div><\/div><\/div><\/div><\/div><\/div><div class=\"g-cols wpb_row expertise-row via_flex valign_top type_default stacking_default\"><div class=\"vc_col-sm-2 vc_hidden-xs wpb_column vc_column_container\"><div class=\"vc_column-inner\"><div class=\"wpb_wrapper\"><\/div><\/div><\/div><div class=\"vc_col-sm-4 wpb_column vc_column_container\"><div class=\"vc_column-inner\"><div class=\"wpb_wrapper\"><div class=\"w-image align_center\"><div class=\"w-image-h\"><img width=\"90\" height=\"90\" src=\"https:\/\/cric.be\/wp-content\/uploads\/2019\/03\/icon-04-1.png\" class=\"attachment-full size-full\" alt=\"\" loading=\"lazy\" \/><\/div><\/div><div class=\"wpb_text_column align_center\"><div class=\"wpb_wrapper\"><p>We closely monitor technological<br \/>\ndevelopments in our area of expertise<br \/>\nand assist in international conferences.<\/p>\n<\/div><\/div><div class=\"w-separator size_small with_line width_default thick_1 style_solid color_primary align_center\"><div class=\"w-separator-h\"><\/div><\/div><\/div><\/div><\/div><div class=\"vc_col-sm-4 wpb_column vc_column_container\"><div class=\"vc_column-inner\"><div class=\"wpb_wrapper\"><div class=\"w-image align_center\"><div class=\"w-image-h\"><img width=\"90\" height=\"90\" src=\"https:\/\/cric.be\/wp-content\/uploads\/2019\/03\/icon-05-1.png\" class=\"attachment-full size-full\" alt=\"\" loading=\"lazy\" \/><\/div><\/div><div class=\"wpb_text_column align_center\"><div class=\"wpb_wrapper\"><p>You reap the benefits of numerous exchanges<br \/>\nand collaborations with the academic community<br \/>\nthanks to our laboratory on the ULB Solbosch campus.<\/p>\n<\/div><\/div><div class=\"w-separator size_small with_line width_default thick_1 style_solid color_primary align_center\"><div class=\"w-separator-h\"><\/div><\/div><\/div><\/div><\/div><\/div><\/div><\/div><\/div><\/div><\/div><\/section>\n","protected":false},"excerpt":{"rendered":"","protected":false},"author":1,"featured_media":0,"parent":0,"menu_order":0,"comment_status":"closed","ping_status":"closed","template":"","meta":[],"yoast_head":"<!-- This site is optimized with the Yoast SEO plugin v19.2 - https:\/\/yoast.com\/wordpress\/plugins\/seo\/ -->\n<title>Research - Cric<\/title>\n<meta name=\"description\" content=\"The CRIC-OCCN Research service is recognised at national as well as European levels for its expertise in the areas of certification and Standardisation.\" \/>\n<meta name=\"robots\" content=\"index, follow, max-snippet:-1, max-image-preview:large, max-video-preview:-1\" \/>\n<link rel=\"canonical\" href=\"https:\/\/cric.be\/en\/research\/\" \/>\n<meta property=\"og:locale\" content=\"en_US\" \/>\n<meta property=\"og:type\" content=\"article\" \/>\n<meta property=\"og:title\" content=\"Research - Cric\" \/>\n<meta property=\"og:description\" content=\"The CRIC-OCCN Research service is recognised at national as well as European levels for its expertise in the areas of certification and Standardisation.\" \/>\n<meta property=\"og:url\" content=\"https:\/\/cric.be\/en\/research\/\" \/>\n<meta property=\"og:site_name\" content=\"Cric\" \/>\n<meta property=\"article:modified_time\" content=\"2024-02-22T14:11:18+00:00\" \/>\n<meta name=\"author\" content=\"Cric-dmin\" \/>\n<meta name=\"twitter:card\" content=\"summary_large_image\" \/>\n<meta name=\"twitter:label1\" content=\"Est. reading time\" \/>\n\t<meta name=\"twitter:data1\" content=\"5 minutes\" \/>\n<script type=\"application\/ld+json\" class=\"yoast-schema-graph\">{\"@context\":\"https:\/\/schema.org\",\"@graph\":[{\"@type\":\"WebSite\",\"@id\":\"https:\/\/cric.be\/#website\",\"url\":\"https:\/\/cric.be\/\",\"name\":\"Cric\",\"description\":\"Cement, admixtures, aggregates, concrete, hydraulic binders\u2026\",\"potentialAction\":[{\"@type\":\"SearchAction\",\"target\":{\"@type\":\"EntryPoint\",\"urlTemplate\":\"https:\/\/cric.be\/?s={search_term_string}\"},\"query-input\":\"required name=search_term_string\"}],\"inLanguage\":\"en-US\"},{\"@type\":\"WebPage\",\"@id\":\"https:\/\/cric.be\/en\/research\/#webpage\",\"url\":\"https:\/\/cric.be\/en\/research\/\",\"name\":\"Research - Cric\",\"isPartOf\":{\"@id\":\"https:\/\/cric.be\/#website\"},\"datePublished\":\"2019-03-19T13:18:31+00:00\",\"dateModified\":\"2024-02-22T14:11:18+00:00\",\"description\":\"The CRIC-OCCN Research service is recognised at national as well as European levels for its expertise in the areas of certification and Standardisation.\",\"breadcrumb\":{\"@id\":\"https:\/\/cric.be\/en\/research\/#breadcrumb\"},\"inLanguage\":\"en-US\",\"potentialAction\":[{\"@type\":\"ReadAction\",\"target\":[\"https:\/\/cric.be\/en\/research\/\"]}]},{\"@type\":\"BreadcrumbList\",\"@id\":\"https:\/\/cric.be\/en\/research\/#breadcrumb\",\"itemListElement\":[{\"@type\":\"ListItem\",\"position\":1,\"name\":\"Home\",\"item\":\"https:\/\/cric.be\/en\/\"},{\"@type\":\"ListItem\",\"position\":2,\"name\":\"Research\"}]}]}<\/script>\n<!-- \/ Yoast SEO plugin. -->","yoast_head_json":{"title":"Research - Cric","description":"The CRIC-OCCN Research service is recognised at national as well as European levels for its expertise in the areas of certification and Standardisation.","robots":{"index":"index","follow":"follow","max-snippet":"max-snippet:-1","max-image-preview":"max-image-preview:large","max-video-preview":"max-video-preview:-1"},"canonical":"https:\/\/cric.be\/en\/research\/","og_locale":"en_US","og_type":"article","og_title":"Research - Cric","og_description":"The CRIC-OCCN Research service is recognised at national as well as European levels for its expertise in the areas of certification and Standardisation.","og_url":"https:\/\/cric.be\/en\/research\/","og_site_name":"Cric","article_modified_time":"2024-02-22T14:11:18+00:00","author":"Cric-dmin","twitter_card":"summary_large_image","twitter_misc":{"Est. reading time":"5 minutes"},"schema":{"@context":"https:\/\/schema.org","@graph":[{"@type":"WebSite","@id":"https:\/\/cric.be\/#website","url":"https:\/\/cric.be\/","name":"Cric","description":"Cement, admixtures, aggregates, concrete, hydraulic binders\u2026","potentialAction":[{"@type":"SearchAction","target":{"@type":"EntryPoint","urlTemplate":"https:\/\/cric.be\/?s={search_term_string}"},"query-input":"required name=search_term_string"}],"inLanguage":"en-US"},{"@type":"WebPage","@id":"https:\/\/cric.be\/en\/research\/#webpage","url":"https:\/\/cric.be\/en\/research\/","name":"Research - Cric","isPartOf":{"@id":"https:\/\/cric.be\/#website"},"datePublished":"2019-03-19T13:18:31+00:00","dateModified":"2024-02-22T14:11:18+00:00","description":"The CRIC-OCCN Research service is recognised at national as well as European levels for its expertise in the areas of certification and Standardisation.","breadcrumb":{"@id":"https:\/\/cric.be\/en\/research\/#breadcrumb"},"inLanguage":"en-US","potentialAction":[{"@type":"ReadAction","target":["https:\/\/cric.be\/en\/research\/"]}]},{"@type":"BreadcrumbList","@id":"https:\/\/cric.be\/en\/research\/#breadcrumb","itemListElement":[{"@type":"ListItem","position":1,"name":"Home","item":"https:\/\/cric.be\/en\/"},{"@type":"ListItem","position":2,"name":"Research"}]}]}},"_links":{"self":[{"href":"https:\/\/cric.be\/en\/wp-json\/wp\/v2\/pages\/128"}],"collection":[{"href":"https:\/\/cric.be\/en\/wp-json\/wp\/v2\/pages"}],"about":[{"href":"https:\/\/cric.be\/en\/wp-json\/wp\/v2\/types\/page"}],"author":[{"embeddable":true,"href":"https:\/\/cric.be\/en\/wp-json\/wp\/v2\/users\/1"}],"replies":[{"embeddable":true,"href":"https:\/\/cric.be\/en\/wp-json\/wp\/v2\/comments?post=128"}],"version-history":[{"count":16,"href":"https:\/\/cric.be\/en\/wp-json\/wp\/v2\/pages\/128\/revisions"}],"predecessor-version":[{"id":1417,"href":"https:\/\/cric.be\/en\/wp-json\/wp\/v2\/pages\/128\/revisions\/1417"}],"wp:attachment":[{"href":"https:\/\/cric.be\/en\/wp-json\/wp\/v2\/media?parent=128"}],"curies":[{"name":"wp","href":"https:\/\/api.w.org\/{rel}","templated":true}]}}